{"id":8780,"date":"2024-06-12T15:10:35","date_gmt":"2024-06-12T15:10:35","guid":{"rendered":"https:\/\/vitorgan.de\/registration-for-the-vitorgane-learning-platform-landing-page\/"},"modified":"2024-07-30T09:04:48","modified_gmt":"2024-07-30T09:04:48","slug":"registration-for-the-vitorgane-learning-platform-landing-page","status":"publish","type":"page","link":"https:\/\/vitorgan.de\/en\/registration-for-the-vitorgane-learning-platform-landing-page\/","title":{"rendered":"Registration for the vitOrganE-Learning platform landing page"},"content":{"rendered":"\t\t<div data-elementor-type=\"wp-page\" data-elementor-id=\"8780\" class=\"elementor elementor-8780 elementor-6016\" data-elementor-post-type=\"page\">\n\t\t\t\t\t\t<section class=\"elementor-section elementor-top-section elementor-element elementor-element-655561ba elementor-section-boxed elementor-section-height-default elementor-section-height-default\" data-id=\"655561ba\" data-element_type=\"section\" data-e-type=\"section\">\n\t\t\t\t\t\t<div class=\"elementor-container elementor-column-gap-default\">\n\t\t\t\t\t<div class=\"elementor-column elementor-col-100 elementor-top-column elementor-element elementor-element-5e045ee8\" data-id=\"5e045ee8\" data-element_type=\"column\" data-e-type=\"column\">\n\t\t\t<div class=\"elementor-widget-wrap elementor-element-populated\">\n\t\t\t\t\t\t<div class=\"elementor-element elementor-element-929d552 elementor-widget elementor-widget-spacer\" data-id=\"929d552\" data-element_type=\"widget\" data-e-type=\"widget\" data-widget_type=\"spacer.default\">\n\t\t\t\t<div class=\"elementor-widget-container\">\n\t\t\t\t\t\t\t<div class=\"elementor-spacer\">\n\t\t\t<div class=\"elementor-spacer-inner\"><\/div>\n\t\t<\/div>\n\t\t\t\t\t\t<\/div>\n\t\t\t\t<\/div>\n\t\t\t\t\t<\/div>\n\t\t<\/div>\n\t\t\t\t\t<\/div>\n\t\t<\/section>\n\t\t\t\t<section class=\"elementor-section elementor-top-section elementor-element elementor-element-229c1da2 elementor-section-boxed elementor-section-height-default elementor-section-height-default\" data-id=\"229c1da2\" data-element_type=\"section\" data-e-type=\"section\">\n\t\t\t\t\t\t<div class=\"elementor-container elementor-column-gap-default\">\n\t\t\t\t\t<div class=\"elementor-column elementor-col-100 elementor-top-column elementor-element elementor-element-5061a985\" data-id=\"5061a985\" data-element_type=\"column\" data-e-type=\"column\">\n\t\t\t<div class=\"elementor-widget-wrap elementor-element-populated\">\n\t\t\t\t\t\t<div class=\"elementor-element elementor-element-50a7466a poppins-bold scroll-fix elementor-widget elementor-widget-heading\" data-id=\"50a7466a\" data-element_type=\"widget\" data-e-type=\"widget\" data-widget_type=\"heading.default\">\n\t\t\t\t<div class=\"elementor-widget-container\">\n\t\t\t\t\t<h1 class=\"elementor-heading-title elementor-size-default\">Registration for the vitOrgan<br> e-learning platform<\/h1>\t\t\t\t<\/div>\n\t\t\t\t<\/div>\n\t\t\t\t\t<\/div>\n\t\t<\/div>\n\t\t\t\t\t<\/div>\n\t\t<\/section>\n\t\t\t\t<section class=\"elementor-section elementor-top-section elementor-element elementor-element-15553eb elementor-section-boxed elementor-section-height-default elementor-section-height-default\" data-id=\"15553eb\" data-element_type=\"section\" data-e-type=\"section\">\n\t\t\t\t\t\t<div class=\"elementor-container elementor-column-gap-default\">\n\t\t\t\t\t<div class=\"elementor-column elementor-col-100 elementor-top-column elementor-element elementor-element-671fc49\" data-id=\"671fc49\" data-element_type=\"column\" data-e-type=\"column\">\n\t\t\t<div class=\"elementor-widget-wrap elementor-element-populated\">\n\t\t\t\t\t\t<div class=\"elementor-element elementor-element-746598d font-roboto fs-16 elementor-widget elementor-widget-text-editor\" data-id=\"746598d\" data-element_type=\"widget\" data-e-type=\"widget\" data-widget_type=\"text-editor.default\">\n\t\t\t\t<div class=\"elementor-widget-container\">\n\t\t\t\t\t\t\t\t\t<p>Please fill out the form.<br \/>\nAfter checking, you will receive the access data for the e-learning platform by email. <\/p>\n\t\t\t\t\t\t\t\t<\/div>\n\t\t\t\t<\/div>\n\t\t\t\t<div class=\"elementor-element elementor-element-876883b elementor-widget elementor-widget-shortcode\" data-id=\"876883b\" data-element_type=\"widget\" data-e-type=\"widget\" data-widget_type=\"shortcode.default\">\n\t\t\t\t<div class=\"elementor-widget-container\">\n\t\t\t\t\t\t\t<div class=\"elementor-shortcode\">\n<div class=\"wpcf7 no-js\" id=\"wpcf7-f3021-o1\" lang=\"en-US\" dir=\"ltr\" data-wpcf7-id=\"3021\">\n<div class=\"screen-reader-response\"><p role=\"status\" aria-live=\"polite\" aria-atomic=\"true\"><\/p> <ul><\/ul><\/div>\n<form action=\"\/en\/wp-json\/wp\/v2\/pages\/8780#wpcf7-f3021-o1\" method=\"post\" class=\"wpcf7-form init\" aria-label=\"Contact form\" enctype=\"multipart\/form-data\" novalidate=\"novalidate\" data-status=\"init\">\n<fieldset class=\"hidden-fields-container\"><input type=\"hidden\" name=\"_wpcf7\" value=\"3021\" \/><input type=\"hidden\" name=\"_wpcf7_version\" value=\"6.1.5\" \/><input type=\"hidden\" name=\"_wpcf7_locale\" value=\"en_US\" \/><input type=\"hidden\" name=\"_wpcf7_unit_tag\" value=\"wpcf7-f3021-o1\" \/><input type=\"hidden\" name=\"_wpcf7_container_post\" value=\"0\" \/><input type=\"hidden\" name=\"_wpcf7_posted_data_hash\" value=\"\" \/><input type=\"hidden\" name=\"_wpcf7_recaptcha_response\" value=\"\" \/>\n<\/fieldset>\n<div class=\"vit-contact-form register-learning\">\n \n <!-- Erste Zeile mit Feldern -->\n\t<div class=\"row-wrap\">\n\t\t<div class=\"flex-row\">\n\t\t\t<div class=\"f-row\">\n\t\t\t\t<p><label> <span class=\"label-position\">Anrede*<\/span> <span class=\"wpcf7-form-control-wrap\" data-name=\"anrede\"><select class=\"wpcf7-form-control wpcf7-select wpcf7-validates-as-required\" aria-required=\"true\" aria-invalid=\"false\" name=\"anrede\"><option value=\"\">&#8212;Please choose an option&#8212;<\/option><option value=\"Frau\">Frau<\/option><option value=\"Herr\">Herr<\/option><option value=\"Divers\">Divers<\/option><\/select><\/span> <\/label>\n\t\t\t\t<\/p>\n\t\t\t<\/div>\n\t\t\t<div class=\"f-row\">\n\t\t\t\t<p><label> <span class=\"label-position\">Titel<\/span> <span class=\"wpcf7-form-control-wrap\" data-name=\"titel\"><input size=\"40\" maxlength=\"400\" class=\"wpcf7-form-control wpcf7-text\" aria-invalid=\"false\" value=\"\" type=\"text\" name=\"titel\" \/><\/span> <\/label>\n\t\t\t\t<\/p>\n\t\t\t<\/div>\n\t\t\t<div class=\"f-row\">\n\t\t\t\t<p><label> <span class=\"label-position\">Vorname*<\/span> <span class=\"wpcf7-form-control-wrap\" data-name=\"vorname\"><input size=\"40\" maxlength=\"400\" class=\"wpcf7-form-control wpcf7-text wpcf7-validates-as-required\" aria-required=\"true\" aria-invalid=\"false\" value=\"\" type=\"text\" name=\"vorname\" \/><\/span> <\/label>\n\t\t\t\t<\/p>\n\t\t\t<\/div>\n\t\t\t<div class=\"f-row\">\n\t\t\t\t<p><label> <span class=\"label-position\">Nachname*<\/span> <span class=\"wpcf7-form-control-wrap\" data-name=\"nachname\"><input size=\"40\" maxlength=\"400\" class=\"wpcf7-form-control wpcf7-text wpcf7-validates-as-required\" aria-required=\"true\" aria-invalid=\"false\" value=\"\" type=\"text\" name=\"nachname\" \/><\/span> <\/label>\n\t\t\t\t<\/p>\n\t\t\t<\/div>\n\t\t\t<div class=\"f-row\">\n\t\t\t\t<p><label> <span class=\"label-position\">E-Mail Adresse*<\/span> <span class=\"wpcf7-form-control-wrap\" data-name=\"your-email\"><input size=\"40\" maxlength=\"400\" class=\"wpcf7-form-control wpcf7-email wpcf7-validates-as-required wpcf7-text wpcf7-validates-as-email\" aria-required=\"true\" aria-invalid=\"false\" value=\"\" type=\"email\" name=\"your-email\" \/><\/span> <\/label>\n\t\t\t\t<\/p>\n\t\t\t<\/div>\n\t\t<\/div>\n\t<\/div>\n\n <!-- Zweite Zeile mit Feldern -->\n\t<div class=\"row-wrap\">\n\t\t<div class=\"flex-row\">\n\t\t\t<div class=\"f-row\">\n\t\t\t\t<p><label> <span class=\"label-position\">Beruf*<\/span> <span class=\"wpcf7-form-control-wrap\" data-name=\"beruf\"><select class=\"wpcf7-form-control wpcf7-select wpcf7-validates-as-required\" aria-required=\"true\" aria-invalid=\"false\" name=\"beruf\"><option value=\"\">&#8212;Please choose an option&#8212;<\/option><option value=\"Arzt\">Arzt<\/option><option value=\"Heilpraktiker\">Heilpraktiker<\/option><option value=\"Heilpraktiker-Anw\u00e4rter\">Heilpraktiker-Anw\u00e4rter<\/option><option value=\"Tierarzt\">Tierarzt<\/option><option value=\"Tierheilpraktiker\">Tierheilpraktiker<\/option><option value=\"Apotheker\">Apotheker<\/option><option value=\"Sonstiges Fachpersonal (human)\">Sonstiges Fachpersonal (human)<\/option><option value=\"Sonstiges Fachpersonal (vet.)\">Sonstiges Fachpersonal (vet.)<\/option><\/select><\/span> <\/label>\n\t\t\t\t<\/p>\n\t\t\t<\/div>\n\t\t\t<div class=\"f-row\">\n\t\t\t\t<p><label> <span class=\"label-position\">Stra\u00dfe u. Hausnummer*<\/span> <span class=\"wpcf7-form-control-wrap\" data-name=\"strasse\"><input size=\"40\" maxlength=\"400\" class=\"wpcf7-form-control wpcf7-text wpcf7-validates-as-required\" aria-required=\"true\" aria-invalid=\"false\" value=\"\" type=\"text\" name=\"strasse\" \/><\/span> <\/label>\n\t\t\t\t<\/p>\n\t\t\t<\/div>\n\t\t\t<div class=\"f-row\">\n\t\t\t\t<p><label> <span class=\"label-position\">PLZ*<\/span> <span class=\"wpcf7-form-control-wrap\" data-name=\"plz\"><input size=\"40\" maxlength=\"400\" class=\"wpcf7-form-control wpcf7-text wpcf7-validates-as-required\" aria-required=\"true\" aria-invalid=\"false\" value=\"\" type=\"text\" name=\"plz\" \/><\/span> <\/label>\n\t\t\t\t<\/p>\n\t\t\t<\/div>\n\t\t\t<div class=\"f-row\">\n\t\t\t\t<p><label> <span class=\"label-position\">Ort*<\/span> <span class=\"wpcf7-form-control-wrap\" data-name=\"ort\"><input size=\"40\" maxlength=\"400\" class=\"wpcf7-form-control wpcf7-text wpcf7-validates-as-required\" aria-required=\"true\" aria-invalid=\"false\" value=\"\" type=\"text\" name=\"ort\" \/><\/span> <\/label>\n\t\t\t\t<\/p>\n\t\t\t<\/div>\n\t\t<\/div>\n\t<\/div>\n \n <!-- Checkboxen -->\n\t<div class=\"row-item checkbox-row cb-row-1\">\n\t\t<p class=\"yes-p\"><strong>Best\u00e4tigung Fachkreis:<\/strong> Ich kenne das Heilmittelwerbegesetz (HWG) und best\u00e4tige, dass ich den Fachkreisen angeh\u00f6re. Fachkreise im Sinne dieses Gesetzes sind Angeh\u00f6rige der Heilberufe oder des Heilgewerbes, Einrichtungen, die der Gesundheit von Mensch oder Tier dienen, oder sonstige Personen, soweit sie mit Arzneimitteln, Medizinprodukten, Verfahren, Behandlungen, Gegenst\u00e4nden oder anderen Mitteln erlaubterweise Handel treiben oder sie in Aus\u00fcbung ihres Berufes anwenden (\u00a7 2 HWG). In Bezug auf die Richtigkeit der von Ihnen gemachten Angaben zu Ihrem Beruf gilt Ihre Anmeldung als rechtsverbindliche Zusicherung gegen\u00fcber der Firma vitOrgan.\n\t\t<\/p>\n\t\t<p><span class=\"wpcf7-form-control-wrap\" data-name=\"checkbox-01\"><span class=\"wpcf7-form-control wpcf7-checkbox wpcf7-validates-as-required yes-check\"><span class=\"wpcf7-list-item first last\"><label><input type=\"checkbox\" name=\"checkbox-01[]\" value=\"yes\" \/><span class=\"wpcf7-list-item-label\">yes<\/span><\/label><\/span><\/span><\/span>\n\t\t<\/p>\n\t<\/div>\n\t<div class=\"row-item checkbox-row cb-row-2\">\n\t\t<p class=\"yes-p\"><strong>Datenschutz:<\/strong> Ich bin damit einverstanden, dass diese Daten zur Bearbeitung meiner Anfrage gespeichert werden. Ich kann diese Einwilligung jederzeit per E-Mail an info@vitorgan.de oder postalisch an die u.a. Anschrift widerrufen. Siehe hierzu auch unsere Datenschutzerkl\u00e4rung unter https:\/\/vitorgan.de\/datenschutz\/\n\t\t<\/p>\n\t\t<p><span class=\"wpcf7-form-control-wrap\" data-name=\"checkbox-02\"><span class=\"wpcf7-form-control wpcf7-checkbox wpcf7-validates-as-required yes-check\"><span class=\"wpcf7-list-item first last\"><label><input type=\"checkbox\" name=\"checkbox-02[]\" value=\"yes\" \/><span class=\"wpcf7-list-item-label\">yes<\/span><\/label><\/span><\/span><\/span>\n\t\t<\/p>\n\t<\/div>\n\n <!-- Datei-Upload -->\n\t<div class=\"row-item add-file-row\">\n\t\t<p><strong>Zulassung\/Approbationsurkunde hochladen*<\/strong><br \/>\nKlicken Sie auf den \u201eDurchsuchen\u201c Button um ein Dokument hochzuladen:\n\t\t<\/p>\n\t\t<p><span class=\"wpcf7-form-control-wrap\" data-name=\"upload-file\"><input size=\"40\" class=\"wpcf7-form-control wpcf7-file wpcf7-validates-as-required add-file\" accept=\".pdf,.doc,.docx,.txt,.jpg,.jpeg,.png\" aria-required=\"true\" aria-invalid=\"false\" type=\"file\" name=\"upload-file\" \/><\/span>\n\t\t<\/p>\n\t<\/div>\n\n\n <!-- Absenden-Button -->\n\t<div class=\"submit-wrap\">\n\t\t<p><input class=\"wpcf7-form-control wpcf7-submit has-spinner\" type=\"submit\" value=\"Jetzt registrieren\" \/>\n\t\t<\/p>\n\t<\/div>\n<\/div><div class=\"wpcf7-response-output\" aria-hidden=\"true\"><\/div>\n<\/form>\n<\/div>\n<\/div>\n\t\t\t\t\t\t<\/div>\n\t\t\t\t<\/div>\n\t\t\t\t<div class=\"elementor-element elementor-element-96cedaf font-roboto fs-16 elementor-widget elementor-widget-text-editor\" data-id=\"96cedaf\" data-element_type=\"widget\" data-e-type=\"widget\" data-widget_type=\"text-editor.default\">\n\t\t\t\t<div class=\"elementor-widget-container\">\n\t\t\t\t\t\t\t\t\t<p><strong>Are you already registered?<\/strong><br \/><strong><a href=\"https:\/\/learn.vitorgan.de\/\"><a href=\"https:\/\/learn.vitorgan.de\/\">Go directly to the e-learning platform<\/a><\/a><\/strong><\/p>\n\t\t\t\t\t\t\t\t<\/div>\n\t\t\t\t<\/div>\n\t\t\t\t\t<\/div>\n\t\t<\/div>\n\t\t\t\t\t<\/div>\n\t\t<\/section>\n\t\t\t\t<\/div>\n\t\t","protected":false},"excerpt":{"rendered":"<p>Registration for the vitOrgan e-learning platform Please fill out the form. After checking, you will receive the access data for the e-learning platform by email. Are you already registered?Go directly to the e-learning platform<\/p>\n","protected":false},"author":2,"featured_media":0,"parent":0,"menu_order":0,"comment_status":"closed","ping_status":"closed","template":"","meta":{"footnotes":""},"class_list":["post-8780","page","type-page","status-publish","hentry"],"yoast_head":"<!-- This site is optimized with the Yoast SEO plugin v27.5 - https:\/\/yoast.com\/product\/yoast-seo-wordpress\/ -->\n<title>Registration for the vitOrganE-Learning platform landing page - Vitorgan<\/title>\n<meta name=\"robots\" content=\"index, follow, max-snippet:-1, max-image-preview:large, max-video-preview:-1\" \/>\n<link rel=\"canonical\" href=\"https:\/\/vitorgan.de\/en\/registration-for-the-vitorgane-learning-platform-landing-page\/\" \/>\n<meta property=\"og:locale\" content=\"en_US\" \/>\n<meta property=\"og:type\" content=\"article\" \/>\n<meta property=\"og:title\" content=\"Registration for the vitOrganE-Learning platform landing page - Vitorgan\" \/>\n<meta property=\"og:description\" content=\"Registration for the vitOrgan e-learning platform Please fill out the form. After checking, you will receive the access data for the e-learning platform by email. Are you already registered?Go directly to the e-learning platform\" \/>\n<meta property=\"og:url\" content=\"https:\/\/vitorgan.de\/en\/registration-for-the-vitorgane-learning-platform-landing-page\/\" \/>\n<meta property=\"og:site_name\" content=\"Vitorgan\" \/>\n<meta property=\"article:modified_time\" content=\"2024-07-30T09:04:48+00:00\" \/>\n<meta name=\"twitter:card\" content=\"summary_large_image\" \/>\n<script type=\"application\/ld+json\" class=\"yoast-schema-graph\">{\"@context\":\"https:\\\/\\\/schema.org\",\"@graph\":[{\"@type\":\"WebPage\",\"@id\":\"https:\\\/\\\/vitorgan.de\\\/en\\\/registration-for-the-vitorgane-learning-platform-landing-page\\\/\",\"url\":\"https:\\\/\\\/vitorgan.de\\\/en\\\/registration-for-the-vitorgane-learning-platform-landing-page\\\/\",\"name\":\"Registration for the vitOrganE-Learning platform landing page - Vitorgan\",\"isPartOf\":{\"@id\":\"https:\\\/\\\/vitorgan.de\\\/#website\"},\"datePublished\":\"2024-06-12T15:10:35+00:00\",\"dateModified\":\"2024-07-30T09:04:48+00:00\",\"breadcrumb\":{\"@id\":\"https:\\\/\\\/vitorgan.de\\\/en\\\/registration-for-the-vitorgane-learning-platform-landing-page\\\/#breadcrumb\"},\"inLanguage\":\"en-US\",\"potentialAction\":[{\"@type\":\"ReadAction\",\"target\":[\"https:\\\/\\\/vitorgan.de\\\/en\\\/registration-for-the-vitorgane-learning-platform-landing-page\\\/\"]}]},{\"@type\":\"BreadcrumbList\",\"@id\":\"https:\\\/\\\/vitorgan.de\\\/en\\\/registration-for-the-vitorgane-learning-platform-landing-page\\\/#breadcrumb\",\"itemListElement\":[{\"@type\":\"ListItem\",\"position\":1,\"name\":\"Startseite\",\"item\":\"https:\\\/\\\/vitorgan.de\\\/en\\\/\"},{\"@type\":\"ListItem\",\"position\":2,\"name\":\"Registration for the vitOrganE-Learning platform landing page\"}]},{\"@type\":\"WebSite\",\"@id\":\"https:\\\/\\\/vitorgan.de\\\/#website\",\"url\":\"https:\\\/\\\/vitorgan.de\\\/\",\"name\":\"Vitorgan\",\"description\":\"\",\"publisher\":{\"@id\":\"https:\\\/\\\/vitorgan.de\\\/#organization\"},\"potentialAction\":[{\"@type\":\"SearchAction\",\"target\":{\"@type\":\"EntryPoint\",\"urlTemplate\":\"https:\\\/\\\/vitorgan.de\\\/?s={search_term_string}\"},\"query-input\":{\"@type\":\"PropertyValueSpecification\",\"valueRequired\":true,\"valueName\":\"search_term_string\"}}],\"inLanguage\":\"en-US\"},{\"@type\":\"Organization\",\"@id\":\"https:\\\/\\\/vitorgan.de\\\/#organization\",\"name\":\"vitOrgan\",\"url\":\"https:\\\/\\\/vitorgan.de\\\/\",\"logo\":{\"@type\":\"ImageObject\",\"inLanguage\":\"en-US\",\"@id\":\"https:\\\/\\\/vitorgan.de\\\/#\\\/schema\\\/logo\\\/image\\\/\",\"url\":\"https:\\\/\\\/vitorgan.de\\\/wp-content\\\/uploads\\\/2025\\\/01\\\/vO_Logo_BWZ_quer_2c_RGB.jpg\",\"contentUrl\":\"https:\\\/\\\/vitorgan.de\\\/wp-content\\\/uploads\\\/2025\\\/01\\\/vO_Logo_BWZ_quer_2c_RGB.jpg\",\"width\":2177,\"height\":700,\"caption\":\"vitOrgan\"},\"image\":{\"@id\":\"https:\\\/\\\/vitorgan.de\\\/#\\\/schema\\\/logo\\\/image\\\/\"}}]}<\/script>\n<!-- \/ Yoast SEO plugin. -->","yoast_head_json":{"title":"Registration for the vitOrganE-Learning platform landing page - Vitorgan","robots":{"index":"index","follow":"follow","max-snippet":"max-snippet:-1","max-image-preview":"max-image-preview:large","max-video-preview":"max-video-preview:-1"},"canonical":"https:\/\/vitorgan.de\/en\/registration-for-the-vitorgane-learning-platform-landing-page\/","og_locale":"en_US","og_type":"article","og_title":"Registration for the vitOrganE-Learning platform landing page - Vitorgan","og_description":"Registration for the vitOrgan e-learning platform Please fill out the form. After checking, you will receive the access data for the e-learning platform by email. Are you already registered?Go directly to the e-learning platform","og_url":"https:\/\/vitorgan.de\/en\/registration-for-the-vitorgane-learning-platform-landing-page\/","og_site_name":"Vitorgan","article_modified_time":"2024-07-30T09:04:48+00:00","twitter_card":"summary_large_image","schema":{"@context":"https:\/\/schema.org","@graph":[{"@type":"WebPage","@id":"https:\/\/vitorgan.de\/en\/registration-for-the-vitorgane-learning-platform-landing-page\/","url":"https:\/\/vitorgan.de\/en\/registration-for-the-vitorgane-learning-platform-landing-page\/","name":"Registration for the vitOrganE-Learning platform landing page - Vitorgan","isPartOf":{"@id":"https:\/\/vitorgan.de\/#website"},"datePublished":"2024-06-12T15:10:35+00:00","dateModified":"2024-07-30T09:04:48+00:00","breadcrumb":{"@id":"https:\/\/vitorgan.de\/en\/registration-for-the-vitorgane-learning-platform-landing-page\/#breadcrumb"},"inLanguage":"en-US","potentialAction":[{"@type":"ReadAction","target":["https:\/\/vitorgan.de\/en\/registration-for-the-vitorgane-learning-platform-landing-page\/"]}]},{"@type":"BreadcrumbList","@id":"https:\/\/vitorgan.de\/en\/registration-for-the-vitorgane-learning-platform-landing-page\/#breadcrumb","itemListElement":[{"@type":"ListItem","position":1,"name":"Startseite","item":"https:\/\/vitorgan.de\/en\/"},{"@type":"ListItem","position":2,"name":"Registration for the vitOrganE-Learning platform landing page"}]},{"@type":"WebSite","@id":"https:\/\/vitorgan.de\/#website","url":"https:\/\/vitorgan.de\/","name":"Vitorgan","description":"","publisher":{"@id":"https:\/\/vitorgan.de\/#organization"},"potentialAction":[{"@type":"SearchAction","target":{"@type":"EntryPoint","urlTemplate":"https:\/\/vitorgan.de\/?s={search_term_string}"},"query-input":{"@type":"PropertyValueSpecification","valueRequired":true,"valueName":"search_term_string"}}],"inLanguage":"en-US"},{"@type":"Organization","@id":"https:\/\/vitorgan.de\/#organization","name":"vitOrgan","url":"https:\/\/vitorgan.de\/","logo":{"@type":"ImageObject","inLanguage":"en-US","@id":"https:\/\/vitorgan.de\/#\/schema\/logo\/image\/","url":"https:\/\/vitorgan.de\/wp-content\/uploads\/2025\/01\/vO_Logo_BWZ_quer_2c_RGB.jpg","contentUrl":"https:\/\/vitorgan.de\/wp-content\/uploads\/2025\/01\/vO_Logo_BWZ_quer_2c_RGB.jpg","width":2177,"height":700,"caption":"vitOrgan"},"image":{"@id":"https:\/\/vitorgan.de\/#\/schema\/logo\/image\/"}}]}},"_links":{"self":[{"href":"https:\/\/vitorgan.de\/en\/wp-json\/wp\/v2\/pages\/8780","targetHints":{"allow":["GET"]}}],"collection":[{"href":"https:\/\/vitorgan.de\/en\/wp-json\/wp\/v2\/pages"}],"about":[{"href":"https:\/\/vitorgan.de\/en\/wp-json\/wp\/v2\/types\/page"}],"author":[{"embeddable":true,"href":"https:\/\/vitorgan.de\/en\/wp-json\/wp\/v2\/users\/2"}],"replies":[{"embeddable":true,"href":"https:\/\/vitorgan.de\/en\/wp-json\/wp\/v2\/comments?post=8780"}],"version-history":[{"count":3,"href":"https:\/\/vitorgan.de\/en\/wp-json\/wp\/v2\/pages\/8780\/revisions"}],"predecessor-version":[{"id":8784,"href":"https:\/\/vitorgan.de\/en\/wp-json\/wp\/v2\/pages\/8780\/revisions\/8784"}],"wp:attachment":[{"href":"https:\/\/vitorgan.de\/en\/wp-json\/wp\/v2\/media?parent=8780"}],"curies":[{"name":"wp","href":"https:\/\/api.w.org\/{rel}","templated":true}]}}