{"id":8932,"date":"2024-01-26T15:00:36","date_gmt":"2024-01-26T15:00:36","guid":{"rendered":"https:\/\/vitorgan.de\/imprint\/"},"modified":"2024-09-24T14:18:48","modified_gmt":"2024-09-24T14:18:48","slug":"imprint","status":"publish","type":"page","link":"https:\/\/vitorgan.de\/en\/imprint\/","title":{"rendered":"Imprint"},"content":{"rendered":"\t\t<div data-elementor-type=\"wp-page\" data-elementor-id=\"8932\" class=\"elementor elementor-8932 elementor-984\" data-elementor-post-type=\"page\">\n\t\t\t\t\t\t<section class=\"elementor-section elementor-top-section elementor-element elementor-element-655561ba elementor-section-boxed elementor-section-height-default elementor-section-height-default\" data-id=\"655561ba\" data-element_type=\"section\" data-e-type=\"section\">\n\t\t\t\t\t\t<div class=\"elementor-container elementor-column-gap-default\">\n\t\t\t\t\t<div class=\"elementor-column elementor-col-100 elementor-top-column elementor-element elementor-element-5e045ee8\" data-id=\"5e045ee8\" data-element_type=\"column\" data-e-type=\"column\">\n\t\t\t<div class=\"elementor-widget-wrap elementor-element-populated\">\n\t\t\t\t\t\t<div class=\"elementor-element elementor-element-929d552 elementor-widget elementor-widget-spacer\" data-id=\"929d552\" data-element_type=\"widget\" data-e-type=\"widget\" data-widget_type=\"spacer.default\">\n\t\t\t\t<div class=\"elementor-widget-container\">\n\t\t\t\t\t\t\t<div class=\"elementor-spacer\">\n\t\t\t<div class=\"elementor-spacer-inner\"><\/div>\n\t\t<\/div>\n\t\t\t\t\t\t<\/div>\n\t\t\t\t<\/div>\n\t\t\t\t\t<\/div>\n\t\t<\/div>\n\t\t\t\t\t<\/div>\n\t\t<\/section>\n\t\t\t\t<section class=\"elementor-section elementor-top-section elementor-element elementor-element-229c1da2 elementor-section-boxed elementor-section-height-default elementor-section-height-default\" data-id=\"229c1da2\" data-element_type=\"section\" data-e-type=\"section\">\n\t\t\t\t\t\t<div class=\"elementor-container elementor-column-gap-default\">\n\t\t\t\t\t<div class=\"elementor-column elementor-col-100 elementor-top-column elementor-element elementor-element-5061a985\" data-id=\"5061a985\" data-element_type=\"column\" data-e-type=\"column\">\n\t\t\t<div class=\"elementor-widget-wrap elementor-element-populated\">\n\t\t\t\t\t\t<div class=\"elementor-element elementor-element-50a7466a poppins-bold scroll-fix elementor-widget elementor-widget-heading\" data-id=\"50a7466a\" data-element_type=\"widget\" data-e-type=\"widget\" data-widget_type=\"heading.default\">\n\t\t\t\t<div class=\"elementor-widget-container\">\n\t\t\t\t\t<h1 class=\"elementor-heading-title elementor-size-default\">Legal Notice<br><\/h1>\t\t\t\t<\/div>\n\t\t\t\t<\/div>\n\t\t\t\t\t<\/div>\n\t\t<\/div>\n\t\t\t\t\t<\/div>\n\t\t<\/section>\n\t\t\t\t<section class=\"elementor-section elementor-top-section elementor-element elementor-element-15553eb elementor-section-boxed elementor-section-height-default elementor-section-height-default\" data-id=\"15553eb\" data-element_type=\"section\" data-e-type=\"section\">\n\t\t\t\t\t\t<div class=\"elementor-container elementor-column-gap-default\">\n\t\t\t\t\t<div class=\"elementor-column elementor-col-100 elementor-top-column elementor-element elementor-element-671fc49\" data-id=\"671fc49\" data-element_type=\"column\" data-e-type=\"column\">\n\t\t\t<div class=\"elementor-widget-wrap elementor-element-populated\">\n\t\t\t\t\t\t<div class=\"elementor-element elementor-element-6050a802 h2-fs elementor-widget elementor-widget-heading\" data-id=\"6050a802\" data-element_type=\"widget\" data-e-type=\"widget\" data-widget_type=\"heading.default\">\n\t\t\t\t<div class=\"elementor-widget-container\">\n\t\t\t\t\t<h2 class=\"elementor-heading-title elementor-size-default\">vitOrgan Arzneimittel GmbH<\/h2>\t\t\t\t<\/div>\n\t\t\t\t<\/div>\n\t\t\t\t<div class=\"elementor-element elementor-element-746598d font-roboto fs-16 elementor-widget elementor-widget-text-editor\" data-id=\"746598d\" data-element_type=\"widget\" data-e-type=\"widget\" data-widget_type=\"text-editor.default\">\n\t\t\t\t<div class=\"elementor-widget-container\">\n\t\t\t\t\t\t\t\t\t<p>Brunnwiesenstra\u00dfe 21<br \/>73760 Ostfildern<br \/>Germany<\/p>\n<div>\n<div>\n<div>\n<div>\n<p>E-mail: <a title=\"Opens window for sending email\" href=\"mailto:info@vitorgan.de\">info@vitorgan.de<\/a><\/p>\n<p>Tel: <a href=\"tel:0049711448120\">+49 (0)711 &#8211; 44 81 2 &#8211; 0 <\/a><br \/>Fax: +49 711 44 81 2-41<\/p>\n<div>\n<p><strong>Management:<\/strong><br \/>Dominic Theurer, M.Sc.<br \/>J\u00fcrgen Leist<\/p>\n<\/div>\n<div>\n<p><strong>Responsible for the content:<\/strong><br \/>Dominic Theurer, M.Sc. | J\u00fcrgen Leist<br \/>Phone: +49 711 44 81 2-0<\/p>\n<\/div>\n<div>\n<p><strong>Regulatory authority for medicinal products and medical devices:<\/strong><br \/>Regierungspr\u00e4sidium T\u00fcbingen, Leitstelle f\u00fcr Arzneimittel\u00fcberwachung Baden-W\u00fcrttemberg<\/p>\n<\/div>\n<p><strong>Regulatory authority for food:<\/strong><br \/>Landratsamt Esslingen<\/p>\n<p><strong>Commercial register:<br \/><\/strong>Stuttgart<\/p>\n<div>\n<p><strong>Register number:<br \/><\/strong>HRB 210845<\/p>\n<\/div>\n<div>\n<p><strong>Sales tax identification number:<br \/><\/strong>DE 147 859 118<\/p>\n<\/div>\n<div>\n<p><strong>Link to online dispute resolution:<br \/><\/strong><a title=\"Opens external link in new window\" href=\"http:\/\/ec.europa.eu\/consumers\/odr\" target=\"_blank\" rel=\"noopener noreferrer\">ec.europa.eu\/consumers\/odr<\/a><br \/><a href=\"https:\/\/ec.europa.eu\/info\/live-work-travel-eu\/consumers\/resolve-your-consumer-complaint_de\" target=\"_blank\" rel=\"noopener noreferrer\">https:\/\/ec.europa.eu\/info\/live-work-travel-eu\/consumers\/resolve-your-consumer-complaint_de<\/a><\/p>\n<\/div>\n<\/div>\n<\/div>\n<\/div>\n<\/div>\n\t\t\t\t\t\t\t\t<\/div>\n\t\t\t\t<\/div>\n\t\t\t\t<div class=\"elementor-element elementor-element-6b920d3 elementor-widget elementor-widget-spacer\" data-id=\"6b920d3\" data-element_type=\"widget\" data-e-type=\"widget\" data-widget_type=\"spacer.default\">\n\t\t\t\t<div class=\"elementor-widget-container\">\n\t\t\t\t\t\t\t<div class=\"elementor-spacer\">\n\t\t\t<div class=\"elementor-spacer-inner\"><\/div>\n\t\t<\/div>\n\t\t\t\t\t\t<\/div>\n\t\t\t\t<\/div>\n\t\t\t\t\t<\/div>\n\t\t<\/div>\n\t\t\t\t\t<\/div>\n\t\t<\/section>\n\t\t\t\t<\/div>\n\t\t","protected":false},"excerpt":{"rendered":"<p>Legal Notice vitOrgan Arzneimittel GmbH Brunnwiesenstra\u00dfe 2173760 OstfildernGermany E-mail: info@vitorgan.de Tel: +49 (0)711 &#8211; 44 81 2 &#8211; 0 Fax: +49 711 44 81 2-41 Management:Dominic Theurer, M.Sc.J\u00fcrgen Leist Responsible for the content:Dominic Theurer, M.Sc. | J\u00fcrgen LeistPhone: +49 711 44 81 2-0 Regulatory authority for medicinal products and medical devices:Regierungspr\u00e4sidium T\u00fcbingen, Leitstelle f\u00fcr Arzneimittel\u00fcberwachung [&hellip;]<\/p>\n","protected":false},"author":1,"featured_media":0,"parent":0,"menu_order":0,"comment_status":"closed","ping_status":"closed","template":"","meta":{"footnotes":""},"class_list":["post-8932","page","type-page","status-publish","hentry"],"yoast_head":"<!-- This site is optimized with the Yoast SEO plugin v27.4 - https:\/\/yoast.com\/product\/yoast-seo-wordpress\/ -->\n<title>Imprint - Vitorgan<\/title>\n<meta name=\"robots\" content=\"index, follow, max-snippet:-1, max-image-preview:large, max-video-preview:-1\" \/>\n<link rel=\"canonical\" href=\"https:\/\/vitorgan.de\/en\/imprint\/\" \/>\n<meta property=\"og:locale\" content=\"en_US\" \/>\n<meta property=\"og:type\" content=\"article\" \/>\n<meta property=\"og:title\" content=\"Imprint - Vitorgan\" \/>\n<meta property=\"og:description\" content=\"Legal Notice vitOrgan Arzneimittel GmbH Brunnwiesenstra\u00dfe 2173760 OstfildernGermany E-mail: info@vitorgan.de Tel: +49 (0)711 &#8211; 44 81 2 &#8211; 0 Fax: +49 711 44 81 2-41 Management:Dominic Theurer, M.Sc.J\u00fcrgen Leist Responsible for the content:Dominic Theurer, M.Sc. | J\u00fcrgen LeistPhone: +49 711 44 81 2-0 Regulatory authority for medicinal products and medical devices:Regierungspr\u00e4sidium T\u00fcbingen, Leitstelle f\u00fcr Arzneimittel\u00fcberwachung [&hellip;]\" \/>\n<meta property=\"og:url\" content=\"https:\/\/vitorgan.de\/en\/imprint\/\" \/>\n<meta property=\"og:site_name\" content=\"Vitorgan\" \/>\n<meta property=\"article:modified_time\" content=\"2024-09-24T14:18:48+00:00\" \/>\n<meta name=\"twitter:card\" content=\"summary_large_image\" \/>\n<meta name=\"twitter:label1\" content=\"Est. reading time\" \/>\n\t<meta name=\"twitter:data1\" content=\"1 minute\" \/>\n<script type=\"application\/ld+json\" class=\"yoast-schema-graph\">{\"@context\":\"https:\\\/\\\/schema.org\",\"@graph\":[{\"@type\":\"WebPage\",\"@id\":\"https:\\\/\\\/vitorgan.de\\\/en\\\/imprint\\\/\",\"url\":\"https:\\\/\\\/vitorgan.de\\\/en\\\/imprint\\\/\",\"name\":\"Imprint - Vitorgan\",\"isPartOf\":{\"@id\":\"https:\\\/\\\/vitorgan.de\\\/#website\"},\"datePublished\":\"2024-01-26T15:00:36+00:00\",\"dateModified\":\"2024-09-24T14:18:48+00:00\",\"breadcrumb\":{\"@id\":\"https:\\\/\\\/vitorgan.de\\\/en\\\/imprint\\\/#breadcrumb\"},\"inLanguage\":\"en-US\",\"potentialAction\":[{\"@type\":\"ReadAction\",\"target\":[\"https:\\\/\\\/vitorgan.de\\\/en\\\/imprint\\\/\"]}]},{\"@type\":\"BreadcrumbList\",\"@id\":\"https:\\\/\\\/vitorgan.de\\\/en\\\/imprint\\\/#breadcrumb\",\"itemListElement\":[{\"@type\":\"ListItem\",\"position\":1,\"name\":\"Startseite\",\"item\":\"https:\\\/\\\/vitorgan.de\\\/en\\\/\"},{\"@type\":\"ListItem\",\"position\":2,\"name\":\"Imprint\"}]},{\"@type\":\"WebSite\",\"@id\":\"https:\\\/\\\/vitorgan.de\\\/#website\",\"url\":\"https:\\\/\\\/vitorgan.de\\\/\",\"name\":\"Vitorgan\",\"description\":\"\",\"publisher\":{\"@id\":\"https:\\\/\\\/vitorgan.de\\\/#organization\"},\"potentialAction\":[{\"@type\":\"SearchAction\",\"target\":{\"@type\":\"EntryPoint\",\"urlTemplate\":\"https:\\\/\\\/vitorgan.de\\\/?s={search_term_string}\"},\"query-input\":{\"@type\":\"PropertyValueSpecification\",\"valueRequired\":true,\"valueName\":\"search_term_string\"}}],\"inLanguage\":\"en-US\"},{\"@type\":\"Organization\",\"@id\":\"https:\\\/\\\/vitorgan.de\\\/#organization\",\"name\":\"vitOrgan\",\"url\":\"https:\\\/\\\/vitorgan.de\\\/\",\"logo\":{\"@type\":\"ImageObject\",\"inLanguage\":\"en-US\",\"@id\":\"https:\\\/\\\/vitorgan.de\\\/#\\\/schema\\\/logo\\\/image\\\/\",\"url\":\"https:\\\/\\\/vitorgan.de\\\/wp-content\\\/uploads\\\/2025\\\/01\\\/vO_Logo_BWZ_quer_2c_RGB.jpg\",\"contentUrl\":\"https:\\\/\\\/vitorgan.de\\\/wp-content\\\/uploads\\\/2025\\\/01\\\/vO_Logo_BWZ_quer_2c_RGB.jpg\",\"width\":2177,\"height\":700,\"caption\":\"vitOrgan\"},\"image\":{\"@id\":\"https:\\\/\\\/vitorgan.de\\\/#\\\/schema\\\/logo\\\/image\\\/\"}}]}<\/script>\n<!-- \/ Yoast SEO plugin. -->","yoast_head_json":{"title":"Imprint - Vitorgan","robots":{"index":"index","follow":"follow","max-snippet":"max-snippet:-1","max-image-preview":"max-image-preview:large","max-video-preview":"max-video-preview:-1"},"canonical":"https:\/\/vitorgan.de\/en\/imprint\/","og_locale":"en_US","og_type":"article","og_title":"Imprint - Vitorgan","og_description":"Legal Notice vitOrgan Arzneimittel GmbH Brunnwiesenstra\u00dfe 2173760 OstfildernGermany E-mail: info@vitorgan.de Tel: +49 (0)711 &#8211; 44 81 2 &#8211; 0 Fax: +49 711 44 81 2-41 Management:Dominic Theurer, M.Sc.J\u00fcrgen Leist Responsible for the content:Dominic Theurer, M.Sc. | J\u00fcrgen LeistPhone: +49 711 44 81 2-0 Regulatory authority for medicinal products and medical devices:Regierungspr\u00e4sidium T\u00fcbingen, Leitstelle f\u00fcr Arzneimittel\u00fcberwachung [&hellip;]","og_url":"https:\/\/vitorgan.de\/en\/imprint\/","og_site_name":"Vitorgan","article_modified_time":"2024-09-24T14:18:48+00:00","twitter_card":"summary_large_image","twitter_misc":{"Est. reading time":"1 minute"},"schema":{"@context":"https:\/\/schema.org","@graph":[{"@type":"WebPage","@id":"https:\/\/vitorgan.de\/en\/imprint\/","url":"https:\/\/vitorgan.de\/en\/imprint\/","name":"Imprint - Vitorgan","isPartOf":{"@id":"https:\/\/vitorgan.de\/#website"},"datePublished":"2024-01-26T15:00:36+00:00","dateModified":"2024-09-24T14:18:48+00:00","breadcrumb":{"@id":"https:\/\/vitorgan.de\/en\/imprint\/#breadcrumb"},"inLanguage":"en-US","potentialAction":[{"@type":"ReadAction","target":["https:\/\/vitorgan.de\/en\/imprint\/"]}]},{"@type":"BreadcrumbList","@id":"https:\/\/vitorgan.de\/en\/imprint\/#breadcrumb","itemListElement":[{"@type":"ListItem","position":1,"name":"Startseite","item":"https:\/\/vitorgan.de\/en\/"},{"@type":"ListItem","position":2,"name":"Imprint"}]},{"@type":"WebSite","@id":"https:\/\/vitorgan.de\/#website","url":"https:\/\/vitorgan.de\/","name":"Vitorgan","description":"","publisher":{"@id":"https:\/\/vitorgan.de\/#organization"},"potentialAction":[{"@type":"SearchAction","target":{"@type":"EntryPoint","urlTemplate":"https:\/\/vitorgan.de\/?s={search_term_string}"},"query-input":{"@type":"PropertyValueSpecification","valueRequired":true,"valueName":"search_term_string"}}],"inLanguage":"en-US"},{"@type":"Organization","@id":"https:\/\/vitorgan.de\/#organization","name":"vitOrgan","url":"https:\/\/vitorgan.de\/","logo":{"@type":"ImageObject","inLanguage":"en-US","@id":"https:\/\/vitorgan.de\/#\/schema\/logo\/image\/","url":"https:\/\/vitorgan.de\/wp-content\/uploads\/2025\/01\/vO_Logo_BWZ_quer_2c_RGB.jpg","contentUrl":"https:\/\/vitorgan.de\/wp-content\/uploads\/2025\/01\/vO_Logo_BWZ_quer_2c_RGB.jpg","width":2177,"height":700,"caption":"vitOrgan"},"image":{"@id":"https:\/\/vitorgan.de\/#\/schema\/logo\/image\/"}}]}},"_links":{"self":[{"href":"https:\/\/vitorgan.de\/en\/wp-json\/wp\/v2\/pages\/8932","targetHints":{"allow":["GET"]}}],"collection":[{"href":"https:\/\/vitorgan.de\/en\/wp-json\/wp\/v2\/pages"}],"about":[{"href":"https:\/\/vitorgan.de\/en\/wp-json\/wp\/v2\/types\/page"}],"author":[{"embeddable":true,"href":"https:\/\/vitorgan.de\/en\/wp-json\/wp\/v2\/users\/1"}],"replies":[{"embeddable":true,"href":"https:\/\/vitorgan.de\/en\/wp-json\/wp\/v2\/comments?post=8932"}],"version-history":[{"count":4,"href":"https:\/\/vitorgan.de\/en\/wp-json\/wp\/v2\/pages\/8932\/revisions"}],"predecessor-version":[{"id":9451,"href":"https:\/\/vitorgan.de\/en\/wp-json\/wp\/v2\/pages\/8932\/revisions\/9451"}],"wp:attachment":[{"href":"https:\/\/vitorgan.de\/en\/wp-json\/wp\/v2\/media?parent=8932"}],"curies":[{"name":"wp","href":"https:\/\/api.w.org\/{rel}","templated":true}]}}